{"id":1545,"date":"2021-10-12T21:32:45","date_gmt":"2021-10-12T19:32:45","guid":{"rendered":"https:\/\/www.fraimtec.de\/karriere\/"},"modified":"2021-12-14T10:05:37","modified_gmt":"2021-12-14T09:05:37","slug":"career","status":"publish","type":"page","link":"https:\/\/www.fraimtec.de\/en\/career\/","title":{"rendered":"Karriere"},"content":{"rendered":"\n<h1 class=\"pt-4 wp-block-heading\">Career<\/h1>\n\n\n\n<h3 class=\"pb-4 pt-2 wp-block-heading\"><strong>FRAIMTEC GmbH is a service provider in the fields of automation, control technology, and plant assembly.<\/strong><\/h3>\n\n\n\n<p>Our clients are mainly in the fields of mechanical and plant engineering, assembly, and handling technology as well as robotics and order picking technology.<\/p>\n\n\n\n<p>In order to extend our clear lead in know-how, we are constantly investing in new technologies and in the continuing development of our employees. Therefore, we are always looking for talented and motivated employees who can contribute to the success of our company.<\/p>\n\n\n\n<p>We offer a wide range of career opportunities in a medium-sized company. We look forward to receiving your application!<\/p>\n\n\n\n<h3 class=\"wp-block-heading\">To join our team we are looking for:<\/h3>\n\n\n\n<div style=\"height:10px\" aria-hidden=\"true\" class=\"wp-block-spacer\"><\/div>\n\n\n\n<div class=\"wp-block-pb-accordion-item c-accordion__item js-accordion-item no-js h3-a-small\" data-initially-open=\"false\" data-click-to-close=\"true\" data-auto-close=\"true\" data-scroll=\"true\" data-scroll-offset=\"80\" id=\"roboterprogrammierer\"><h3 id=\"at-15450\" class=\"c-accordion__title js-accordion-controller\" role=\"button\">Robot programmer (m\/f\/d) <\/h3><div id=\"ac-15450\" class=\"c-accordion__content\">\n<h4 class=\"h4-small pt-3 wp-block-heading\">Your tasks:<\/h4>\n\n\n\n<ul class=\"custom-check-list ps-3 wp-block-list\"><li>Assembly work on our construction sites in Germany and Europe<\/li><li>Preparation and execution of pre-assembly and assembly work on steel structures and plant components<\/li><\/ul>\n\n\n\n<h4 class=\"h4-small wp-block-heading\">Your profile:<\/h4>\n\n\n\n<ul class=\"custom-check-list ps-3 wp-block-list\"><li>Completed training as an industrial mechanic or a comparable profession Elektrotechnik \/ Mechatronik<\/li><li>Work experience in steel and\/or plant construction would be an advantage<\/li><li>Technical understanding<\/li><li>Ability to work in a team and in a structured and goal-oriented manner<\/li><li>Accuracy, reliability, commitment<\/li><li>Willingness to travel<\/li><\/ul>\n\n\n\n<p><\/p>\n<\/div><\/div>\n\n\n\n<div class=\"wp-block-pb-accordion-item c-accordion__item js-accordion-item no-js h3-a-small\" data-initially-open=\"false\" data-click-to-close=\"true\" data-auto-close=\"true\" data-scroll=\"true\" data-scroll-offset=\"72\" id=\"sps-programmierer\"><h3 id=\"at-15451\" class=\"c-accordion__title js-accordion-controller\" role=\"button\">PLC programmer (m\/f\/d)<\/h3><div id=\"ac-15451\" class=\"c-accordion__content\">\n<h4 class=\"h4-small pt-3 wp-block-heading\"> Your tasks: <\/h4>\n\n\n\n<ul class=\"custom-check-list ps-3 wp-block-list\"><li>Independent programming \/ commissioning of production plants (SPS, visualization, bus systems, drive systems, etc.) at home and abroad<\/li><li>Implementation of new functions in existing software<\/li><li>System and integration tests<\/li><li>Maintenance and servicing of existing plant software<\/li><li>Documentation and error analysis<\/li><li>Briefing of the personnel at the client\u2019s site \/ training<\/li><li>Maintenance on plant and equipment, if necessary<\/li><\/ul>\n\n\n\n<h4 class=\"h4-small wp-block-heading\"> Your profile: <\/h4>\n\n\n\n<ul class=\"custom-check-list ps-3 wp-block-list\"><li>Preferably completed studies in electrical engineering, technician in \u201celectrical engineering\/automation technology\u201d or training as an electronics technician or mechatronics technician or comparable training<\/li><li>Ideally, you already have experience in commissioning and handling PLC controls (Siemens S7, TIA Portal, Bosch, Rockwell \u2026) as well as visualization systems, such as WinCC or WinCC flexible<\/li><li>Preferably, you already have experience in automotive body-in-white and automation systems<\/li><li>You are confident in using standard PC software (MS Office, etc.)<\/li><li>Your English skills enable you to explain and implement technical content<\/li><li>In possession of a (valid) driving license<\/li><li>Willingness to travel<\/li><\/ul>\n\n\n\n<p><\/p>\n<\/div><\/div>\n\n\n\n<div class=\"wp-block-pb-accordion-item c-accordion__item js-accordion-item no-js h3-a-small\" data-initially-open=\"false\" data-click-to-close=\"true\" data-auto-close=\"true\" data-scroll=\"true\" data-scroll-offset=\"72\" id=\"monteur-anlagenmontage\"><h3 id=\"at-15452\" class=\"c-accordion__title js-accordion-controller\" role=\"button\">Fitter (m\/f\/d) in the field of plant assembly \/ steel construction<\/h3><div id=\"ac-15452\" class=\"c-accordion__content\">\n<h4 class=\"h4-small pt-3 wp-block-heading\">  Your tasks:  <\/h4>\n\n\n\n<ul class=\"custom-check-list ps-3 wp-block-list\"><li>Assembly work on our construction sites in Germany and Europe<\/li><li>Preparation and execution of pre-assembly and assembly work on steel structures and plant components<\/li><\/ul>\n\n\n\n<h4 class=\"h4-small wp-block-heading\">  Your profile:  <\/h4>\n\n\n\n<ul class=\"custom-check-list ps-3 wp-block-list\"><li>Completed training as an industrial mechanic or in a comparable profession<\/li><li>Work experience in steel and\/or plant construction would be an advantage<\/li><li>Technical understanding<\/li><li>Ability to work in a team and in a structured and goal-oriented manner<\/li><li>Accuracy, reliability, commitment<\/li><li>Willingness to travel<\/li><\/ul>\n\n\n\n<p class=\"py-3\"><\/p>\n<\/div><\/div>\n\n\n\n<div class=\"wp-block-pb-accordion-item c-accordion__item js-accordion-item no-js d-none h3-a-small\" data-initially-open=\"false\" data-click-to-close=\"true\" data-auto-close=\"true\" data-scroll=\"true\" data-scroll-offset=\"72\" id=\"buerokauffrau\"><h3 id=\"at-15453\" class=\"c-accordion__title js-accordion-controller\" role=\"button\">B\u00fcrokauffrau (m\/w\/d)<\/h3><div id=\"ac-15453\" class=\"c-accordion__content\">\n<h4 class=\"h4-small pt-3 wp-block-heading\">Stellenbeschreibung:<\/h4>\n\n\n\n<p>Sie suchen einen Arbeitssplatz in Teilzeit mit w\u00f6chentlich 20-25 Stunden Arbeitszeit, der Sie vor neue Herausforderungen stellt, abwechslungsreich ist und ein breites Spektrum an Aufgaben in verschiedenen Bereichen bietet?<\/p>\n\n\n\n<p>Dann bewerben Sie sich auf unsere Stellenbeschreibung!<\/p>\n\n\n\n<h4 class=\"h4-small pt-3 wp-block-heading\">Was Sie u. a. erwartet:<\/h4>\n\n\n\n<ul class=\"custom-check-list ps-3 wp-block-list\"><li>Umfangreicher Einblick in unsere diversen Unternehmensbereiche, z. B. Marketing, Angebotserstellung, Finanzen\/Controllingisierung, Bussysteme, Antriebssysteme etc.) im In- \/ und Ausland<\/li><li>Unterst\u00fctzung bei der Organisation des B\u00fcroalltags und selbst\u00e4ndige \u00dcbernahme eigener Aufgaben<\/li><li>Schriftwechsel, Planung und \u00dcberwachung von Terminen<\/li><li>Organisation von Gesch\u00e4ftsreisen<\/li><li>Erlernen von s\u00e4mtlichen Arbeitsprozessen in einem organisatorisch-verwaltenden Beruf<\/li><li>Unterst\u00fctzung bei der Planung von internen und externen Veranstaltungen<\/li><\/ul>\n\n\n\n<h4 class=\"h4-small wp-block-heading\">Das bringen Sie mit:<\/h4>\n\n\n\n<ul class=\"custom-check-list ps-3 wp-block-list\"><li>Erfolgreich abgeschlossene Berufsausbildung im kaufm\u00e4nnischen Bereich oder eine vergleichbare Qualifikation<\/li><li>Berufserfahrung in den genannten Aufgabengebieten w\u00fcnschenswert<\/li><li>Sicherer Umgang mit den g\u00e4ngigen MS-Office-Anwendungen<\/li><li>Sehr gute Kommunikationsf\u00e4higkeit sowie Teamgeist<\/li><li>Eine selbstst\u00e4ndige und sorgf\u00e4ltige Arbeitsweise<\/li><\/ul>\n\n\n\n<hr class=\"wp-block-separator block-hr\"\/>\n\n\n\n<h4 class=\"h4-small pt-3 wp-block-heading\">Was wir bieten:<\/h4>\n\n\n\n<ul class=\"custom-check-list ps-3 wp-block-list\"><li>Eine famili\u00e4re Unternehmenskultur mit flacher Hierarchie<\/li><li>einen interessanten Arbeitsplatz mit Zukunft<\/li><li>Ein motiviertes und engagiertes Team<\/li><li>angemessenes Gehalt<\/li><\/ul>\n\n\n\n<hr class=\"wp-block-separator block-hr\"\/>\n<\/div><\/div>\n\n\n\n<p><\/p>\n\n\n\n<p><strong><strong>We are also happy to welcome committed young professionals or people looking for a career change.<\/strong><\/strong><\/p>\n\n\n\n<p>If we have aroused your interest, please send your complete and meaningful application documents, including curriculum vitae, photograph, and copies of all relevant certificates to the following address:<\/p>\n\n\n\n<p>FRAIMTEC GmbH<br>Personnel Department<br>Am Stadtberg 4b<br>39167 Hohe B\u00f6rde\/Niederndodeleben<\/p>\n\n\n\n<p>Or email to: <a href=\"mailto:info@fraimtec.de\">info@fraimtec.de<\/a><\/p>\n","protected":false},"excerpt":{"rendered":"<p>Career FRAIMTEC GmbH is a service provider in the fields of automation, control technology, and plant assembly. Our clients are mainly in the fields of mechanical and plant engineering, assembly, and handling technology as well as robotics and order picking technology. In order to extend our clear lead in know-how, we are constantly investing in [&hellip;]<\/p>\n","protected":false},"author":1,"featured_media":1273,"parent":0,"menu_order":20,"comment_status":"closed","ping_status":"closed","template":"page-full-width-image.php","meta":{"_hupa_show_title":false,"_hupa_custom_title":"","_hupa_title_css":"","_hupa_select_menu":1,"_hupa_select_sidebar":1,"_hupa_show_social_media":false,"_hupa_select_social_type":0,"_hupa_select_social_color":0,"_hupa_social_media_css":"","_hupa_select_handy_menu":1,"_hupa_select_top_area":1,"_hupa_show_bottom_footer":true,"_hupa_show_top_footer":false,"_hupa_show_widgets_footer":true,"_hupa_sticky_widgets_footer":3,"_hupa_select_header":0,"_hupa_select_container":0,"_hupa_top_area_container":0,"_hupa_main_container":0,"_hupa_select_footer":0,"_hupa_show_menu":true,"_hupa_show_custom_url":false,"_hupa_beitragsbild_url":"","footnotes":""},"class_list":["post-1545","page","type-page","status-publish","has-post-thumbnail","hentry"],"_links":{"self":[{"href":"https:\/\/www.fraimtec.de\/en\/wp-json\/wp\/v2\/pages\/1545","targetHints":{"allow":["GET"]}}],"collection":[{"href":"https:\/\/www.fraimtec.de\/en\/wp-json\/wp\/v2\/pages"}],"about":[{"href":"https:\/\/www.fraimtec.de\/en\/wp-json\/wp\/v2\/types\/page"}],"author":[{"embeddable":true,"href":"https:\/\/www.fraimtec.de\/en\/wp-json\/wp\/v2\/users\/1"}],"replies":[{"embeddable":true,"href":"https:\/\/www.fraimtec.de\/en\/wp-json\/wp\/v2\/comments?post=1545"}],"version-history":[{"count":8,"href":"https:\/\/www.fraimtec.de\/en\/wp-json\/wp\/v2\/pages\/1545\/revisions"}],"predecessor-version":[{"id":1571,"href":"https:\/\/www.fraimtec.de\/en\/wp-json\/wp\/v2\/pages\/1545\/revisions\/1571"}],"wp:featuredmedia":[{"embeddable":true,"href":"https:\/\/www.fraimtec.de\/en\/wp-json\/wp\/v2\/media\/1273"}],"wp:attachment":[{"href":"https:\/\/www.fraimtec.de\/en\/wp-json\/wp\/v2\/media?parent=1545"}],"curies":[{"name":"wp","href":"https:\/\/api.w.org\/{rel}","templated":true}]}}